{"id":12333,"date":"2017-12-07T07:57:22","date_gmt":"2017-12-07T07:57:22","guid":{"rendered":"http:\/\/dolphinx.eu\/test\/dpo1\/?page_id=12333"},"modified":"2022-01-03T14:20:32","modified_gmt":"2022-01-03T13:20:32","slug":"dpo-szolgaltatasok","status":"publish","type":"page","link":"https:\/\/gdprszakerto.hu\/index.php\/dpo-szolgaltatasok\/","title":{"rendered":"DPO Szolg\u00e1ltat\u00e1sok"},"content":{"rendered":"<div class=\"wpb-content-wrapper\"><p>[vc_row][vc_column][vc_custom_heading text=&#8221;K\u00fcls\u0151 DPO szolg\u00e1ltat\u00e1saink&#8221; use_theme_fonts=&#8221;yes&#8221;][vc_separator color=&#8221;custom&#8221; align=&#8221;align_left&#8221; el_width=&#8221;20&#8243; css_animation=&#8221;fadeInLeft&#8221; accent_color=&#8221;#dd0000&#8243;][vc_column_text]<strong>Az adatv\u00e9delmi tisztvisel\u0151 (DPO) jog\u00e1ll\u00e1sa<\/strong><\/p>\n<p>Megfelel\u0151 tapasztalattal rendelkez\u0151 saj\u00e1t alkalmazott, de szerz\u0151d\u00e9ssel k\u00fcls\u0151s\u00a0<a href=\"http:\/\/gdprszakerto.hu\/\" target=\"_blank\" rel=\"noopener\">adatv\u00e9delmi szak\u00e9rt\u0151<\/a>\u00a0is bet\u00f6ltheti a DPO poz\u00edci\u00f3t.<\/p>\n<p>Az adatv\u00e9delmi tisztvisel\u0151 el\u00e9rhet\u0151s\u00e9g\u00e9t az adatkezel\u0151\/adatfeldolgoz\u00f3 k\u00f6zz\u00e9teszi, \u00e9s a hat\u00f3s\u00e1g fel\u00e9 is bejelenti.<\/p>\n<p>Az adatkezel\u0151 \u00e9s az adatfeldolgoz\u00f3 biztos\u00edtja, hogy a tisztvisel\u0151 bekapcsol\u00f3dhasson az adatv\u00e9delmi \u00fcgyekbe, lehet\u0151leg m\u00e1r a tervez\u00e9s f\u00e1zis\u00e1ban.<\/p>\n<p>Az adatv\u00e9delmi tisztvisel\u0151 f\u00fcggetlens\u00e9g\u00e9t biztos\u00edtani kell oly m\u00f3don, hogy utas\u00edt\u00e1sokat senkit\u0151l nem fogadhat el, feladata kapcs\u00e1n el nem bocs\u00e1that\u00f3, szankci\u00f3val nem s\u00fajthat\u00f3, k\u00f6zvetlen\u00fcl a legfels\u0151bb vezet\u0151nek tartozzon felel\u0151ss\u00e9ggel, az \u00e9rintett \u00e1ltal k\u00f6zvetlen\u00fcl felkereshet\u0151 legyen \u00e9s elegend\u0151 forr\u00e1sokkal (p\u00e9nz, infrastrukt\u00fara, k\u00e9pz\u00e9s \u00e9s id\u0151) rendelkezzen.<\/p>\n<p>M\u00e1s feladatokat is ell\u00e1that, ha nem jelent \u00f6sszef\u00e9rhetetlens\u00e9get.<\/p>\n<p><strong>Az adatv\u00e9delmi tisztvisel\u0151 feladatai<\/strong><\/p>\n<ul>\n<li>t\u00e1j\u00e9koztat \u00e9s szakmai tan\u00e1csot ad<\/li>\n<li>ellen\u0151rzi a rendelet, m\u00e1s jogszab\u00e1lyok \u00e9s bels\u0151 szab\u00e1lyzatok megtart\u00e1s\u00e1t (ide\u00e9rtve az auditot is)<\/li>\n<li>a szem\u00e9lyzet adatv\u00e9delmi tudatoss\u00e1g-n\u00f6vel\u00e9se \u00e9s k\u00e9pz\u00e9se<\/li>\n<li>seg\u00edti \u00e9s nyomon k\u00f6veti az adatv\u00e9delmi hat\u00e1svizsg\u00e1latot<\/li>\n<li>egy\u00fcttm\u0171k\u00f6dik a hat\u00f3s\u00e1ggal<\/li>\n<\/ul>\n<p>[\/vc_column_text][\/vc_column][\/vc_row][vc_row][vc_column][vc_separator color=&#8221;custom&#8221; align=&#8221;align_left&#8221; el_width=&#8221;20&#8243; css_animation=&#8221;fadeInLeft&#8221; accent_color=&#8221;#dd0000&#8243;][vc_column_text]Az \u00faj adatv\u00e9delmi rendeletben a jelenlegi\u00a0<em>bels\u0151 adatv\u00e9delmi felel\u0151s<\/em>\u00a0jogint\u00e9zm\u00e9nyt felv\u00e1ltja az\u00a0<a href=\"https:\/\/www.gdprtanacsadas.hu\/\" target=\"_blank\" rel=\"noopener\"><em>adatv\u00e9delmi tisztvisel\u0151<\/em><\/a>.<\/p>\n<p><strong>Ki k\u00f6teles adatv\u00e9delmi tisztvisel\u0151t kinevezni?<\/strong><\/p>\n<p>Az az adatkezel\u0151, valamint az az adatfeldolgoz\u00f3, amely<\/p>\n<ul>\n<li>k\u00f6zhatalmi szerv vagy egy\u00e9b k\u00f6zfeladatot ell\u00e1t\u00f3 szerv<br \/>\n(f\u00fcggetlen\u00fcl az \u00e1ltaluk kezelt, illetve feldolgozott adatokt\u00f3l);<\/li>\n<li>f\u0151 tev\u00e9kenys\u00e9ge az \u00e9rintettek rendszeres \u00e9s szisztematikus, nagym\u00e9rt\u00e9k\u0171 megfigyel\u00e9se; vagy<\/li>\n<li>f\u0151 tev\u00e9kenys\u00e9ge szerint nagy sz\u00e1mban kezel k\u00fcl\u00f6nleges adatot vagy b\u0171n\u00fcgyi adatot.<\/li>\n<\/ul>\n<p><strong>A fenti k\u00f6r\u00f6n t\u00fal \u00f6nk\u00e9ntesen is kijel\u00f6lhet\u0151 adatv\u00e9delmi tisztvisel\u0151.<\/strong><\/p>\n<p><strong>Mi\u00e9rt \u00e9rdemes akkor is kinevezni adatv\u00e9delmi tisztvisel\u0151t, ha nem k\u00f6telez\u0151?<\/strong><\/p>\n<p>Az adatv\u00e9delmi tisztvisel\u0151 az a szem\u00e9ly, aki a c\u00e9g folyamatainak v\u00e1ltoz\u00e1sai sor\u00e1n megvizsg\u00e1lja, hogy a v\u00e1ltoz\u00e1sok, \u00faj elj\u00e1r\u00e1sok \u00e9rintik-e a szem\u00e9lyes adatokat, azok kezel\u00e9s\u00e9t. A bels\u0151 DPO tarthatja a kapcsolatot a k\u00fcls\u0151 szak\u00e9rt\u0151kkel \u00e9s vel\u00fck egy\u00fcttm\u0171k\u00f6dve tudja a c\u00e9g folyamatait a vezet\u0151s\u00e9ggel \u00e9s az \u00e9rintettekkel egy\u00fctt optimaliz\u00e1lni. A bels\u0151 DPO a k\u00fcls\u0151 tan\u00e1csad\u00f3k \u00e1ltal kiadott akci\u00f3 terv pontjainak v\u00e9grehajt\u00e1s\u00e1t is ellen\u0151rzi, rendszeres id\u0151k\u00f6z\u00f6nk\u00e9nt ellen\u0151rzi az audit sor\u00e1n felt\u00e1rt elj\u00e1r\u00e1sok helyes v\u00e9grehajt\u00e1s\u00e1t. A k\u00fcls\u0151 DPO mindezen auditok el\u0151k\u00e9sz\u00edt\u00e9s\u00e9ben, levezet\u00e9s\u00e9ben seg\u00edts\u00e9get tud adni, azok szakszer\u0171 lebonyol\u00edt\u00e1s\u00e1ban, illetve a t\u00f6rv\u00e9nyi v\u00e1ltoz\u00e1sok kapcs\u00e1n tud javaslatokat tenni a c\u00e9g fel\u00e9.[\/vc_column_text][\/vc_column][\/vc_row]<\/p>\n<\/div>","protected":false},"excerpt":{"rendered":"<p>[vc_row][vc_column][vc_custom_heading text=&#8221;K\u00fcls\u0151 DPO szolg\u00e1ltat\u00e1saink&#8221; use_theme_fonts=&#8221;yes&#8221;][vc_separator color=&#8221;custom&#8221; align=&#8221;align_left&#8221; el_width=&#8221;20&#8243; css_animation=&#8221;fadeInLeft&#8221; accent_color=&#8221;#dd0000&#8243;][vc_column_text]Az adatv\u00e9delmi tisztvisel\u0151 (DPO) jog\u00e1ll\u00e1sa Megfelel\u0151 tapasztalattal rendelkez\u0151 saj\u00e1t alkalmazott, de szerz\u0151d\u00e9ssel k\u00fcls\u0151s\u00a0adatv\u00e9delmi szak\u00e9rt\u0151\u00a0is bet\u00f6ltheti a DPO poz\u00edci\u00f3t. Az adatv\u00e9delmi tisztvisel\u0151 el\u00e9rhet\u0151s\u00e9g\u00e9t az adatkezel\u0151\/adatfeldolgoz\u00f3 k\u00f6zz\u00e9teszi, \u00e9s a hat\u00f3s\u00e1g fel\u00e9 is bejelenti. Az adatkezel\u0151 \u00e9s az adatfeldolgoz\u00f3 biztos\u00edtja, hogy a tisztvisel\u0151 bekapcsol\u00f3dhasson az adatv\u00e9delmi \u00fcgyekbe, lehet\u0151leg m\u00e1r a tervez\u00e9s f\u00e1zis\u00e1ban. Az adatv\u00e9delmi&#8230;<\/p>\n","protected":false},"author":1,"featured_media":0,"parent":0,"menu_order":0,"comment_status":"closed","ping_status":"closed","template":"","meta":{"footnotes":""},"class_list":["post-12333","page","type-page","status-publish","hentry"],"yoast_head":"<!-- This site is optimized with the Yoast SEO plugin v27.4 - https:\/\/yoast.com\/product\/yoast-seo-wordpress\/ -->\n<title>DPO szolg\u00e1ltat\u00e1saink - Hogyan tud megfelelni a DPO k\u00f6telezetts\u00e9gnek<\/title>\n<meta name=\"description\" content=\"Ki lehet DPO? Megfelel\u0151 tapasztalattal rendelkez\u0151 saj\u00e1t alkalmazott, de szerz\u0151d\u00e9ssel k\u00fcls\u0151s adatv\u00e9delmi szak\u00e9rt\u0151 is bet\u00f6ltheti a poz\u00edci\u00f3t.\" \/>\n<meta name=\"robots\" content=\"index, follow, max-snippet:-1, max-image-preview:large, max-video-preview:-1\" \/>\n<link rel=\"canonical\" href=\"https:\/\/gdprszakerto.hu\/index.php\/dpo-szolgaltatasok\/\" \/>\n<meta property=\"og:locale\" content=\"hu_HU\" \/>\n<meta property=\"og:type\" content=\"article\" \/>\n<meta property=\"og:title\" content=\"DPO szolg\u00e1ltat\u00e1saink - Hogyan tud megfelelni a DPO k\u00f6telezetts\u00e9gnek\" \/>\n<meta property=\"og:description\" content=\"Ki lehet DPO? Megfelel\u0151 tapasztalattal rendelkez\u0151 saj\u00e1t alkalmazott, de szerz\u0151d\u00e9ssel k\u00fcls\u0151s adatv\u00e9delmi szak\u00e9rt\u0151 is bet\u00f6ltheti a poz\u00edci\u00f3t.\" \/>\n<meta property=\"og:url\" content=\"https:\/\/gdprszakerto.hu\/index.php\/dpo-szolgaltatasok\/\" \/>\n<meta property=\"og:site_name\" content=\"GDPRszakerto.hu\" \/>\n<meta property=\"article:modified_time\" content=\"2022-01-03T13:20:32+00:00\" \/>\n<meta name=\"twitter:card\" content=\"summary_large_image\" \/>\n<meta name=\"twitter:label1\" content=\"Becs\u00fclt olvas\u00e1si id\u0151\" \/>\n\t<meta name=\"twitter:data1\" content=\"2 perc\" \/>\n<script type=\"application\/ld+json\" class=\"yoast-schema-graph\">{\"@context\":\"https:\\\/\\\/schema.org\",\"@graph\":[{\"@type\":\"WebPage\",\"@id\":\"https:\\\/\\\/gdprszakerto.hu\\\/index.php\\\/dpo-szolgaltatasok\\\/\",\"url\":\"https:\\\/\\\/gdprszakerto.hu\\\/index.php\\\/dpo-szolgaltatasok\\\/\",\"name\":\"DPO szolg\u00e1ltat\u00e1saink - Hogyan tud megfelelni a DPO k\u00f6telezetts\u00e9gnek\",\"isPartOf\":{\"@id\":\"https:\\\/\\\/gdprszakerto.hu\\\/#website\"},\"datePublished\":\"2017-12-07T07:57:22+00:00\",\"dateModified\":\"2022-01-03T13:20:32+00:00\",\"description\":\"Ki lehet DPO? Megfelel\u0151 tapasztalattal rendelkez\u0151 saj\u00e1t alkalmazott, de szerz\u0151d\u00e9ssel k\u00fcls\u0151s adatv\u00e9delmi szak\u00e9rt\u0151 is bet\u00f6ltheti a poz\u00edci\u00f3t.\",\"breadcrumb\":{\"@id\":\"https:\\\/\\\/gdprszakerto.hu\\\/index.php\\\/dpo-szolgaltatasok\\\/#breadcrumb\"},\"inLanguage\":\"hu\",\"potentialAction\":[{\"@type\":\"ReadAction\",\"target\":[\"https:\\\/\\\/gdprszakerto.hu\\\/index.php\\\/dpo-szolgaltatasok\\\/\"]}]},{\"@type\":\"BreadcrumbList\",\"@id\":\"https:\\\/\\\/gdprszakerto.hu\\\/index.php\\\/dpo-szolgaltatasok\\\/#breadcrumb\",\"itemListElement\":[{\"@type\":\"ListItem\",\"position\":1,\"name\":\"Home\",\"item\":\"https:\\\/\\\/gdprszakerto.hu\\\/\"},{\"@type\":\"ListItem\",\"position\":2,\"name\":\"DPO Szolg\u00e1ltat\u00e1sok\"}]},{\"@type\":\"WebSite\",\"@id\":\"https:\\\/\\\/gdprszakerto.hu\\\/#website\",\"url\":\"https:\\\/\\\/gdprszakerto.hu\\\/\",\"name\":\"GDPRszakerto.hu\",\"description\":\"GDPR tan\u00e1csad\u00e1s szak\u00e9rt\u0151kt\u0151l\",\"potentialAction\":[{\"@type\":\"SearchAction\",\"target\":{\"@type\":\"EntryPoint\",\"urlTemplate\":\"https:\\\/\\\/gdprszakerto.hu\\\/?s={search_term_string}\"},\"query-input\":{\"@type\":\"PropertyValueSpecification\",\"valueRequired\":true,\"valueName\":\"search_term_string\"}}],\"inLanguage\":\"hu\"}]}<\/script>\n<!-- \/ Yoast SEO plugin. -->","yoast_head_json":{"title":"DPO szolg\u00e1ltat\u00e1saink - Hogyan tud megfelelni a DPO k\u00f6telezetts\u00e9gnek","description":"Ki lehet DPO? Megfelel\u0151 tapasztalattal rendelkez\u0151 saj\u00e1t alkalmazott, de szerz\u0151d\u00e9ssel k\u00fcls\u0151s adatv\u00e9delmi szak\u00e9rt\u0151 is bet\u00f6ltheti a poz\u00edci\u00f3t.","robots":{"index":"index","follow":"follow","max-snippet":"max-snippet:-1","max-image-preview":"max-image-preview:large","max-video-preview":"max-video-preview:-1"},"canonical":"https:\/\/gdprszakerto.hu\/index.php\/dpo-szolgaltatasok\/","og_locale":"hu_HU","og_type":"article","og_title":"DPO szolg\u00e1ltat\u00e1saink - Hogyan tud megfelelni a DPO k\u00f6telezetts\u00e9gnek","og_description":"Ki lehet DPO? Megfelel\u0151 tapasztalattal rendelkez\u0151 saj\u00e1t alkalmazott, de szerz\u0151d\u00e9ssel k\u00fcls\u0151s adatv\u00e9delmi szak\u00e9rt\u0151 is bet\u00f6ltheti a poz\u00edci\u00f3t.","og_url":"https:\/\/gdprszakerto.hu\/index.php\/dpo-szolgaltatasok\/","og_site_name":"GDPRszakerto.hu","article_modified_time":"2022-01-03T13:20:32+00:00","twitter_card":"summary_large_image","twitter_misc":{"Becs\u00fclt olvas\u00e1si id\u0151":"2 perc"},"schema":{"@context":"https:\/\/schema.org","@graph":[{"@type":"WebPage","@id":"https:\/\/gdprszakerto.hu\/index.php\/dpo-szolgaltatasok\/","url":"https:\/\/gdprszakerto.hu\/index.php\/dpo-szolgaltatasok\/","name":"DPO szolg\u00e1ltat\u00e1saink - Hogyan tud megfelelni a DPO k\u00f6telezetts\u00e9gnek","isPartOf":{"@id":"https:\/\/gdprszakerto.hu\/#website"},"datePublished":"2017-12-07T07:57:22+00:00","dateModified":"2022-01-03T13:20:32+00:00","description":"Ki lehet DPO? Megfelel\u0151 tapasztalattal rendelkez\u0151 saj\u00e1t alkalmazott, de szerz\u0151d\u00e9ssel k\u00fcls\u0151s adatv\u00e9delmi szak\u00e9rt\u0151 is bet\u00f6ltheti a poz\u00edci\u00f3t.","breadcrumb":{"@id":"https:\/\/gdprszakerto.hu\/index.php\/dpo-szolgaltatasok\/#breadcrumb"},"inLanguage":"hu","potentialAction":[{"@type":"ReadAction","target":["https:\/\/gdprszakerto.hu\/index.php\/dpo-szolgaltatasok\/"]}]},{"@type":"BreadcrumbList","@id":"https:\/\/gdprszakerto.hu\/index.php\/dpo-szolgaltatasok\/#breadcrumb","itemListElement":[{"@type":"ListItem","position":1,"name":"Home","item":"https:\/\/gdprszakerto.hu\/"},{"@type":"ListItem","position":2,"name":"DPO Szolg\u00e1ltat\u00e1sok"}]},{"@type":"WebSite","@id":"https:\/\/gdprszakerto.hu\/#website","url":"https:\/\/gdprszakerto.hu\/","name":"GDPRszakerto.hu","description":"GDPR tan\u00e1csad\u00e1s szak\u00e9rt\u0151kt\u0151l","potentialAction":[{"@type":"SearchAction","target":{"@type":"EntryPoint","urlTemplate":"https:\/\/gdprszakerto.hu\/?s={search_term_string}"},"query-input":{"@type":"PropertyValueSpecification","valueRequired":true,"valueName":"search_term_string"}}],"inLanguage":"hu"}]}},"_links":{"self":[{"href":"https:\/\/gdprszakerto.hu\/index.php\/wp-json\/wp\/v2\/pages\/12333","targetHints":{"allow":["GET"]}}],"collection":[{"href":"https:\/\/gdprszakerto.hu\/index.php\/wp-json\/wp\/v2\/pages"}],"about":[{"href":"https:\/\/gdprszakerto.hu\/index.php\/wp-json\/wp\/v2\/types\/page"}],"author":[{"embeddable":true,"href":"https:\/\/gdprszakerto.hu\/index.php\/wp-json\/wp\/v2\/users\/1"}],"replies":[{"embeddable":true,"href":"https:\/\/gdprszakerto.hu\/index.php\/wp-json\/wp\/v2\/comments?post=12333"}],"version-history":[{"count":9,"href":"https:\/\/gdprszakerto.hu\/index.php\/wp-json\/wp\/v2\/pages\/12333\/revisions"}],"predecessor-version":[{"id":12586,"href":"https:\/\/gdprszakerto.hu\/index.php\/wp-json\/wp\/v2\/pages\/12333\/revisions\/12586"}],"wp:attachment":[{"href":"https:\/\/gdprszakerto.hu\/index.php\/wp-json\/wp\/v2\/media?parent=12333"}],"curies":[{"name":"wp","href":"https:\/\/api.w.org\/{rel}","templated":true}]}}